{"id":65,"date":"2022-08-08T09:16:51","date_gmt":"2022-08-08T09:16:51","guid":{"rendered":"http:\/\/goldstudio.pl\/?post_type=product&#038;p=65"},"modified":"2025-04-16T07:32:22","modified_gmt":"2025-04-16T07:32:22","slug":"dlugopis-zelowy-gelle-50szt-z-grawerem","status":"publish","type":"product","link":"http:\/\/goldstudio.pl\/?product=dlugopis-zelowy-gelle-50szt-z-grawerem","title":{"rendered":"D\u0142ugopis \u017celowy GELLE (50szt. z grawerem)"},"content":{"rendered":"<p>D\u0142ugopis GELLE to elegancja i wygoda pisania w jednym. D\u0142ugopis wykonany jest z metalu z wyko\u0144czeniami chromowanymi lub z\u0142oconymi i posiada mechanizm typu twist. \u017belowy wk\u0142ad o grubo\u015bci 0,5 mm w kolorze niebieskim.<\/p>\n<p><strong>W cenie znakowanie dwustronne lub jednostronne (o polu roboczym 40 x 5 mm)<\/strong><\/p>\n<div class=\"details-table-row flex-center groupParameter4415\">\n<div class=\"col-1\">Wymiary : 140 x 10 mm<\/div>\n<\/div>\n<div class=\"details-table-row flex-center groupParameter4415\">\n<div class=\"col-1\">Materia\u0142: metal<\/div>\n<\/div>\n<div class=\"details-table-row flex-center groupParameter4415\">\n<div class=\"col-1\">Kolor: r\u00f3\u017cowy<\/div>\n<\/div>\n<div class=\"details-table-row flex-center groupParameter4415\">\n<div class=\"col-1\">Opakowanie produktu: woreczek foliowy<\/div>\n<\/div>\n<div class=\"details-table-row flex-center groupParameter4415\">\n<div class=\"col-1\">Kolor wk\u0142adu: niebieski<\/div>\n<div>\n<div class=\"details-table-row flex-center groupParameter4416\">\n<div class=\"col-1\">Wymiary opakowania jednostkowego: 150 x 25 mm<\/div>\n<\/div>\n<div class=\"details-table-row flex-center groupParameter4416\">\n<div class=\"col-1\">Waga jednostkowa brutto (kg): 0.020<\/div>\n<\/div>\n<div class=\"details-table-row flex-center groupParameter4416\">\n<div class=\"col-1\">Ilo\u015b\u0107 w kartonie (pojedynczy\/zbiorczy): 50\/500<\/div>\n<\/div>\n<div class=\"details-table-row flex-center groupParameter4416\">\n<div class=\"col-1\">Waga kartonu zbiorczego (kg) : 11.250<\/div>\n<\/div>\n<div class=\"details-table-row flex-center groupParameter4416\">\n<div class=\"col-1\">Wymiary kartonu zbiorczego (cm): 45 x 32 x 11<\/div>\n<\/div>\n<div class=\"details-table-row flex-center groupParameter4416\">\n<div class=\"col-1\">Kolor pantone produktu: 5025C<\/div>\n<\/div>\n<div class=\"details-table-row flex-center groupParameter4416\">\n<div class=\"col-1\">Rodzaj wk\u0142adu ; grubo\u015b\u0107 pisania: gel refill<\/div>\n<\/div>\n<div class=\"details-table-row flex-center groupParameter4416\">\n<div class=\"col-1\">Wk\u0142ad do wymiany: 02022<\/div>\n<\/div>\n<div class=\"details-table-row flex-center groupParameter4416\">\n<div class=\"col-1\">D\u0142ugo\u015b\u0107 pisania: 500 m<\/div>\n<\/div>\n<div class=\"details-table-row flex-center groupParameter4416\">\n<div class=\"col-1\">Mo\u017cliwo\u015b\u0107 transportu lotniczego: TAK<\/div>\n<\/div>\n<div class=\"details-table-row flex-center groupParameter4416\">\n<div class=\"col-1\">Kraj pochodzenia: China<\/div>\n<\/div>\n<div class=\"details-table-row flex-center groupParameter4416\">\n<div class=\"col-1\">Kod celny: 9608101000<\/div>\n<\/div>\n<div class=\"details-table-row flex-center groupParameter4416\">\n<div class=\"col-1\">kod EAN: 5905179618368<\/div>\n<\/div>\n<\/div>\n<\/div>\n","protected":false},"excerpt":{"rendered":"<p>D\u0142ugopis GELLE to elegancja i wygoda pisania w jednym. D\u0142ugopis wykonany jest z metalu z wyko\u0144czeniami chromowanymi lub z\u0142oconymi i posiada mechanizm typu twist. \u017belowy wk\u0142ad o grubo\u015bci 0,5 mm w kolorze niebieskim.<\/p>\n<p><strong>W cenie znakowanie dwustronne lub jednostronne (o polu roboczym 40 x 5 mm)<\/strong><\/p>\n","protected":false},"featured_media":66,"comment_status":"open","ping_status":"closed","template":"","meta":{"_et_pb_use_builder":"","_et_pb_old_content":"","_et_gb_content_width":""},"product_cat":[21],"product_tag":[],"class_list":{"0":"post-65","1":"product","2":"type-product","3":"status-publish","4":"has-post-thumbnail","6":"product_cat-dlugopisy-z-grawerem","8":"first","9":"instock","10":"taxable","11":"shipping-taxable","12":"purchasable","13":"product-type-simple"},"_links":{"self":[{"href":"http:\/\/goldstudio.pl\/index.php?rest_route=\/wp\/v2\/product\/65","targetHints":{"allow":["GET"]}}],"collection":[{"href":"http:\/\/goldstudio.pl\/index.php?rest_route=\/wp\/v2\/product"}],"about":[{"href":"http:\/\/goldstudio.pl\/index.php?rest_route=\/wp\/v2\/types\/product"}],"replies":[{"embeddable":true,"href":"http:\/\/goldstudio.pl\/index.php?rest_route=%2Fwp%2Fv2%2Fcomments&post=65"}],"wp:featuredmedia":[{"embeddable":true,"href":"http:\/\/goldstudio.pl\/index.php?rest_route=\/wp\/v2\/media\/66"}],"wp:attachment":[{"href":"http:\/\/goldstudio.pl\/index.php?rest_route=%2Fwp%2Fv2%2Fmedia&parent=65"}],"wp:term":[{"taxonomy":"product_cat","embeddable":true,"href":"http:\/\/goldstudio.pl\/index.php?rest_route=%2Fwp%2Fv2%2Fproduct_cat&post=65"},{"taxonomy":"product_tag","embeddable":true,"href":"http:\/\/goldstudio.pl\/index.php?rest_route=%2Fwp%2Fv2%2Fproduct_tag&post=65"}],"curies":[{"name":"wp","href":"https:\/\/api.w.org\/{rel}","templated":true}]}}