{"id":57,"date":"2022-08-08T08:58:39","date_gmt":"2022-08-08T08:58:39","guid":{"rendered":"http:\/\/goldstudio.pl\/?post_type=product&#038;p=57"},"modified":"2025-12-27T13:04:36","modified_gmt":"2025-12-27T13:04:36","slug":"dlugopis-kubod-50szt-z-grawerem","status":"publish","type":"product","link":"http:\/\/goldstudio.pl\/?product=dlugopis-kubod-50szt-z-grawerem","title":{"rendered":"D\u0142ugopis KUBOD (50szt. z grawerem)"},"content":{"rendered":"<p>D\u0142ugopis KUBOD posiada klasyczny, prosty kszta\u0142t. Wykonany z aluminium pokrytego przyjemn\u0105 w dotyku gumow\u0105 pow\u0142ok\u0105. Uchwyt wyko\u0144czony naturalnym korkiem gwarantuje wygodne trzymanie. Wyko\u0144czenia w kolorze grafitowym wykonane zosta\u0142y z tworzywa. D\u0142ugopis automatyczny. Wk\u0142ad typu X20 w kolorze niebieskim.<\/p>\n<p><strong>W cenie znakowanie dwustronne lub jednostronne (o polu roboczym 55 x 5 mm)<\/strong><\/p>\n<div class=\"details-table-row flex-center groupParameter4415\">\n<div class=\"col-1\">Wymiary : 140 x \u00f8 9 mm<\/div>\n<\/div>\n<div class=\"details-table-row flex-center groupParameter4415\">\n<div class=\"col-1\">Materia\u0142: metal, korek, tworzywo<\/div>\n<\/div>\n<div class=\"details-table-row flex-center groupParameter4415\">\n<div class=\"col-1\">Kolor: czarny<\/div>\n<\/div>\n<div class=\"details-table-row flex-center groupParameter4415\">\n<div class=\"col-1\">Opakowanie produktu: woreczek foliowy<\/div>\n<\/div>\n<div class=\"details-table-row flex-center groupParameter4415\">\n<div class=\"col-1\">Kolor wk\u0142adu: niebieski<\/div>\n<\/div>\n<div>\n<div class=\"details-table-row flex-center groupParameter4416\">\n<div class=\"col-1\">Wymiary opakowania jednostkowego: 155 x 28 mm<\/div>\n<\/div>\n<div class=\"details-table-row flex-center groupParameter4416\">\n<div class=\"col-1\">Waga jednostkowa brutto (kg): 0.013<\/div>\n<\/div>\n<div class=\"details-table-row flex-center groupParameter4416\">\n<div class=\"col-1\">Waga kartonu zbiorczego (kg) : 14.000<\/div>\n<\/div>\n<div class=\"details-table-row flex-center groupParameter4416\">\n<div class=\"col-1\">Wymiary kartonu zbiorczego (cm): 47 x 31 x 18<\/div>\n<\/div>\n<div class=\"details-table-row flex-center groupParameter4416\">\n<div class=\"col-1\">Rodzaj wk\u0142adu ; grubo\u015b\u0107 pisania: X20 group type ; 1,0 mm<\/div>\n<\/div>\n<div class=\"details-table-row flex-center groupParameter4416\">\n<div class=\"col-1\">Wk\u0142ad do wymiany: &#8211;<\/div>\n<\/div>\n<div class=\"details-table-row flex-center groupParameter4416\">\n<div class=\"col-1\">D\u0142ugo\u015b\u0107 pisania: 800 m<\/div>\n<\/div>\n<div class=\"details-table-row flex-center groupParameter4416\">\n<div class=\"col-1\">Mo\u017cliwo\u015b\u0107 transportu lotniczego: TAK<\/div>\n<\/div>\n<div class=\"details-table-row flex-center groupParameter4416\">\n<div class=\"col-1\">Kraj pochodzenia: China<\/div>\n<\/div>\n<div class=\"details-table-row flex-center groupParameter4416\">\n<div class=\"col-1\">Kod celny: 9608109200<\/div>\n<\/div>\n<div class=\"details-table-row flex-center groupParameter4416\">\n<div class=\"col-1\">kod EAN: 5905179638632<\/div>\n<\/div>\n<\/div>\n","protected":false},"excerpt":{"rendered":"<p>D\u0142ugopis KUBOD posiada klasyczny, prosty kszta\u0142t. Wykonany z aluminium pokrytego przyjemn\u0105 w dotyku gumow\u0105 pow\u0142ok\u0105. Uchwyt wyko\u0144czony naturalnym korkiem gwarantuje wygodne trzymanie. Wyko\u0144czenia w kolorze grafitowym wykonane zosta\u0142y z tworzywa. D\u0142ugopis automatyczny. Wk\u0142ad typu X20 w kolorze niebieskim.<\/p>\n<p>W cenie znakowanie dwustronne lub jednostronne (o polu roboczym 55 x 5 mm<\/p>\n","protected":false},"featured_media":58,"comment_status":"open","ping_status":"closed","template":"","meta":{"_et_pb_use_builder":"","_et_pb_old_content":"","_et_gb_content_width":""},"product_cat":[21],"product_tag":[22,23],"class_list":{"0":"post-57","1":"product","2":"type-product","3":"status-publish","4":"has-post-thumbnail","6":"product_cat-dlugopisy-z-grawerem","7":"product_tag-dlugopis-z-korkiem-z-grawerem","8":"product_tag-dlugopis-z-logo","10":"first","11":"instock","12":"taxable","13":"shipping-taxable","14":"purchasable","15":"product-type-simple"},"_links":{"self":[{"href":"http:\/\/goldstudio.pl\/index.php?rest_route=\/wp\/v2\/product\/57","targetHints":{"allow":["GET"]}}],"collection":[{"href":"http:\/\/goldstudio.pl\/index.php?rest_route=\/wp\/v2\/product"}],"about":[{"href":"http:\/\/goldstudio.pl\/index.php?rest_route=\/wp\/v2\/types\/product"}],"replies":[{"embeddable":true,"href":"http:\/\/goldstudio.pl\/index.php?rest_route=%2Fwp%2Fv2%2Fcomments&post=57"}],"wp:featuredmedia":[{"embeddable":true,"href":"http:\/\/goldstudio.pl\/index.php?rest_route=\/wp\/v2\/media\/58"}],"wp:attachment":[{"href":"http:\/\/goldstudio.pl\/index.php?rest_route=%2Fwp%2Fv2%2Fmedia&parent=57"}],"wp:term":[{"taxonomy":"product_cat","embeddable":true,"href":"http:\/\/goldstudio.pl\/index.php?rest_route=%2Fwp%2Fv2%2Fproduct_cat&post=57"},{"taxonomy":"product_tag","embeddable":true,"href":"http:\/\/goldstudio.pl\/index.php?rest_route=%2Fwp%2Fv2%2Fproduct_tag&post=57"}],"curies":[{"name":"wp","href":"https:\/\/api.w.org\/{rel}","templated":true}]}}